{"id":317,"date":"2025-01-03T13:51:27","date_gmt":"2025-01-03T13:51:27","guid":{"rendered":"https:\/\/loving-lumiere.82-223-27-62.plesk.page\/?post_type=product&#038;p=317"},"modified":"2025-01-03T13:57:46","modified_gmt":"2025-01-03T13:57:46","slug":"pulsera-cadena","status":"publish","type":"product","link":"https:\/\/loving-lumiere.82-223-27-62.plesk.page\/index.php\/producto\/pulsera-cadena\/","title":{"rendered":"Pulsera cadena"},"content":{"rendered":"<p>Esta pulsera de la colecci\u00f3n Ejemplo, con su pav\u00e9 de topacios blancos, es perfecto para aportar un toque de brillo a cualquier look, ya sea en solitario o combin\u00e1ndolo con otros anillos que lo hagan destacar.<\/p>\n<p>Todas las gemas y perlas de esta colecci\u00f3n son naturales.<\/p>\n<p>Su textura en relieve y el pav\u00e9 de topacios blancos lo hacen divertido y sencillo de combinar con tus joyas favoritas.<\/p>\n<p>Cada una es totalmente \u00fanica, por eso su tonalidad puede variar respecto a la imagen de referencia.<\/p>\n<p>&nbsp;<\/p>\n","protected":false},"excerpt":{"rendered":"<ul>\n<li class=\"text\">Manipula tu joya con cuidado y qu\u00edtatelas para lavarte las manos.<\/li>\n<li class=\"text\">Antes del uso comprueba cierre y engaste de las piedras.<\/li>\n<li class=\"text\">Limpia tu joya con regularidad con una gamuza.<\/li>\n<\/ul>\n","protected":false},"featured_media":318,"comment_status":"open","ping_status":"closed","template":"","meta":{"_acf_changed":false},"product_cat":[21,26],"product_tag":[55,54,53],"class_list":{"0":"post-317","1":"product","2":"type-product","3":"status-publish","4":"has-post-thumbnail","6":"product_cat-pulseras","7":"product_cat-pulseras-oro","8":"product_tag-elegante","9":"product_tag-regalo","10":"product_tag-sencillo","12":"first","13":"instock","14":"featured","15":"taxable","16":"shipping-taxable","17":"purchasable","18":"product-type-simple"},"acf":[],"yoast_head":"<!-- This site is optimized with the Yoast SEO plugin v24.0 - https:\/\/yoast.com\/wordpress\/plugins\/seo\/ -->\n<title>Pulsera cadena -<\/title>\n<meta name=\"robots\" content=\"index, follow, max-snippet:-1, max-image-preview:large, max-video-preview:-1\" \/>\n<link rel=\"canonical\" href=\"https:\/\/loving-lumiere.82-223-27-62.plesk.page\/index.php\/producto\/pulsera-cadena\/\" \/>\n<meta property=\"og:locale\" content=\"es_ES\" \/>\n<meta property=\"og:type\" content=\"article\" \/>\n<meta property=\"og:title\" content=\"Pulsera cadena -\" \/>\n<meta property=\"og:description\" content=\"Manipula tu joya con cuidado y qu\u00edtatelas para lavarte las manos.  Antes del uso comprueba cierre y engaste de las piedras.  Limpia tu joya con regularidad con una gamuza.\" \/>\n<meta property=\"og:url\" content=\"https:\/\/loving-lumiere.82-223-27-62.plesk.page\/index.php\/producto\/pulsera-cadena\/\" \/>\n<meta property=\"article:modified_time\" content=\"2025-01-03T13:57:46+00:00\" \/>\n<meta property=\"og:image\" content=\"https:\/\/loving-lumiere.82-223-27-62.plesk.page\/wp-content\/uploads\/2025\/01\/J05340-02-16_ST-5.webp\" \/>\n\t<meta property=\"og:image:width\" content=\"800\" \/>\n\t<meta property=\"og:image:height\" content=\"1066\" \/>\n\t<meta property=\"og:image:type\" content=\"image\/webp\" \/>\n<meta name=\"twitter:card\" content=\"summary_large_image\" \/>\n<meta name=\"twitter:label1\" content=\"Tiempo de lectura\" \/>\n\t<meta name=\"twitter:data1\" content=\"1 minuto\" \/>\n<script type=\"application\/ld+json\" class=\"yoast-schema-graph\">{\"@context\":\"https:\/\/schema.org\",\"@graph\":[{\"@type\":\"WebPage\",\"@id\":\"https:\/\/loving-lumiere.82-223-27-62.plesk.page\/index.php\/producto\/pulsera-cadena\/\",\"url\":\"https:\/\/loving-lumiere.82-223-27-62.plesk.page\/index.php\/producto\/pulsera-cadena\/\",\"name\":\"Pulsera cadena -\",\"isPartOf\":{\"@id\":\"https:\/\/loving-lumiere.82-223-27-62.plesk.page\/#website\"},\"primaryImageOfPage\":{\"@id\":\"https:\/\/loving-lumiere.82-223-27-62.plesk.page\/index.php\/producto\/pulsera-cadena\/#primaryimage\"},\"image\":{\"@id\":\"https:\/\/loving-lumiere.82-223-27-62.plesk.page\/index.php\/producto\/pulsera-cadena\/#primaryimage\"},\"thumbnailUrl\":\"https:\/\/loving-lumiere.82-223-27-62.plesk.page\/wp-content\/uploads\/2025\/01\/J05340-02-16_ST-5.webp\",\"datePublished\":\"2025-01-03T13:51:27+00:00\",\"dateModified\":\"2025-01-03T13:57:46+00:00\",\"breadcrumb\":{\"@id\":\"https:\/\/loving-lumiere.82-223-27-62.plesk.page\/index.php\/producto\/pulsera-cadena\/#breadcrumb\"},\"inLanguage\":\"es\",\"potentialAction\":[{\"@type\":\"ReadAction\",\"target\":[\"https:\/\/loving-lumiere.82-223-27-62.plesk.page\/index.php\/producto\/pulsera-cadena\/\"]}]},{\"@type\":\"ImageObject\",\"inLanguage\":\"es\",\"@id\":\"https:\/\/loving-lumiere.82-223-27-62.plesk.page\/index.php\/producto\/pulsera-cadena\/#primaryimage\",\"url\":\"https:\/\/loving-lumiere.82-223-27-62.plesk.page\/wp-content\/uploads\/2025\/01\/J05340-02-16_ST-5.webp\",\"contentUrl\":\"https:\/\/loving-lumiere.82-223-27-62.plesk.page\/wp-content\/uploads\/2025\/01\/J05340-02-16_ST-5.webp\",\"width\":800,\"height\":1066},{\"@type\":\"BreadcrumbList\",\"@id\":\"https:\/\/loving-lumiere.82-223-27-62.plesk.page\/index.php\/producto\/pulsera-cadena\/#breadcrumb\",\"itemListElement\":[{\"@type\":\"ListItem\",\"position\":1,\"name\":\"Portada\",\"item\":\"https:\/\/loving-lumiere.82-223-27-62.plesk.page\/\"},{\"@type\":\"ListItem\",\"position\":2,\"name\":\"Tienda\",\"item\":\"https:\/\/loving-lumiere.82-223-27-62.plesk.page\/\"},{\"@type\":\"ListItem\",\"position\":3,\"name\":\"Pulsera cadena\"}]},{\"@type\":\"WebSite\",\"@id\":\"https:\/\/loving-lumiere.82-223-27-62.plesk.page\/#website\",\"url\":\"https:\/\/loving-lumiere.82-223-27-62.plesk.page\/\",\"name\":\"\",\"description\":\"\",\"potentialAction\":[{\"@type\":\"SearchAction\",\"target\":{\"@type\":\"EntryPoint\",\"urlTemplate\":\"https:\/\/loving-lumiere.82-223-27-62.plesk.page\/?s={search_term_string}\"},\"query-input\":{\"@type\":\"PropertyValueSpecification\",\"valueRequired\":true,\"valueName\":\"search_term_string\"}}],\"inLanguage\":\"es\"}]}<\/script>\n<!-- \/ Yoast SEO plugin. -->","yoast_head_json":{"title":"Pulsera cadena -","robots":{"index":"index","follow":"follow","max-snippet":"max-snippet:-1","max-image-preview":"max-image-preview:large","max-video-preview":"max-video-preview:-1"},"canonical":"https:\/\/loving-lumiere.82-223-27-62.plesk.page\/index.php\/producto\/pulsera-cadena\/","og_locale":"es_ES","og_type":"article","og_title":"Pulsera cadena -","og_description":"Manipula tu joya con cuidado y qu\u00edtatelas para lavarte las manos.  Antes del uso comprueba cierre y engaste de las piedras.  Limpia tu joya con regularidad con una gamuza.","og_url":"https:\/\/loving-lumiere.82-223-27-62.plesk.page\/index.php\/producto\/pulsera-cadena\/","article_modified_time":"2025-01-03T13:57:46+00:00","og_image":[{"width":800,"height":1066,"url":"https:\/\/loving-lumiere.82-223-27-62.plesk.page\/wp-content\/uploads\/2025\/01\/J05340-02-16_ST-5.webp","type":"image\/webp"}],"twitter_card":"summary_large_image","twitter_misc":{"Tiempo de lectura":"1 minuto"},"schema":{"@context":"https:\/\/schema.org","@graph":[{"@type":"WebPage","@id":"https:\/\/loving-lumiere.82-223-27-62.plesk.page\/index.php\/producto\/pulsera-cadena\/","url":"https:\/\/loving-lumiere.82-223-27-62.plesk.page\/index.php\/producto\/pulsera-cadena\/","name":"Pulsera cadena -","isPartOf":{"@id":"https:\/\/loving-lumiere.82-223-27-62.plesk.page\/#website"},"primaryImageOfPage":{"@id":"https:\/\/loving-lumiere.82-223-27-62.plesk.page\/index.php\/producto\/pulsera-cadena\/#primaryimage"},"image":{"@id":"https:\/\/loving-lumiere.82-223-27-62.plesk.page\/index.php\/producto\/pulsera-cadena\/#primaryimage"},"thumbnailUrl":"https:\/\/loving-lumiere.82-223-27-62.plesk.page\/wp-content\/uploads\/2025\/01\/J05340-02-16_ST-5.webp","datePublished":"2025-01-03T13:51:27+00:00","dateModified":"2025-01-03T13:57:46+00:00","breadcrumb":{"@id":"https:\/\/loving-lumiere.82-223-27-62.plesk.page\/index.php\/producto\/pulsera-cadena\/#breadcrumb"},"inLanguage":"es","potentialAction":[{"@type":"ReadAction","target":["https:\/\/loving-lumiere.82-223-27-62.plesk.page\/index.php\/producto\/pulsera-cadena\/"]}]},{"@type":"ImageObject","inLanguage":"es","@id":"https:\/\/loving-lumiere.82-223-27-62.plesk.page\/index.php\/producto\/pulsera-cadena\/#primaryimage","url":"https:\/\/loving-lumiere.82-223-27-62.plesk.page\/wp-content\/uploads\/2025\/01\/J05340-02-16_ST-5.webp","contentUrl":"https:\/\/loving-lumiere.82-223-27-62.plesk.page\/wp-content\/uploads\/2025\/01\/J05340-02-16_ST-5.webp","width":800,"height":1066},{"@type":"BreadcrumbList","@id":"https:\/\/loving-lumiere.82-223-27-62.plesk.page\/index.php\/producto\/pulsera-cadena\/#breadcrumb","itemListElement":[{"@type":"ListItem","position":1,"name":"Portada","item":"https:\/\/loving-lumiere.82-223-27-62.plesk.page\/"},{"@type":"ListItem","position":2,"name":"Tienda","item":"https:\/\/loving-lumiere.82-223-27-62.plesk.page\/"},{"@type":"ListItem","position":3,"name":"Pulsera cadena"}]},{"@type":"WebSite","@id":"https:\/\/loving-lumiere.82-223-27-62.plesk.page\/#website","url":"https:\/\/loving-lumiere.82-223-27-62.plesk.page\/","name":"","description":"","potentialAction":[{"@type":"SearchAction","target":{"@type":"EntryPoint","urlTemplate":"https:\/\/loving-lumiere.82-223-27-62.plesk.page\/?s={search_term_string}"},"query-input":{"@type":"PropertyValueSpecification","valueRequired":true,"valueName":"search_term_string"}}],"inLanguage":"es"}]}},"_links":{"self":[{"href":"https:\/\/loving-lumiere.82-223-27-62.plesk.page\/index.php\/wp-json\/wp\/v2\/product\/317","targetHints":{"allow":["GET"]}}],"collection":[{"href":"https:\/\/loving-lumiere.82-223-27-62.plesk.page\/index.php\/wp-json\/wp\/v2\/product"}],"about":[{"href":"https:\/\/loving-lumiere.82-223-27-62.plesk.page\/index.php\/wp-json\/wp\/v2\/types\/product"}],"replies":[{"embeddable":true,"href":"https:\/\/loving-lumiere.82-223-27-62.plesk.page\/index.php\/wp-json\/wp\/v2\/comments?post=317"}],"wp:featuredmedia":[{"embeddable":true,"href":"https:\/\/loving-lumiere.82-223-27-62.plesk.page\/index.php\/wp-json\/wp\/v2\/media\/318"}],"wp:attachment":[{"href":"https:\/\/loving-lumiere.82-223-27-62.plesk.page\/index.php\/wp-json\/wp\/v2\/media?parent=317"}],"wp:term":[{"taxonomy":"product_cat","embeddable":true,"href":"https:\/\/loving-lumiere.82-223-27-62.plesk.page\/index.php\/wp-json\/wp\/v2\/product_cat?post=317"},{"taxonomy":"product_tag","embeddable":true,"href":"https:\/\/loving-lumiere.82-223-27-62.plesk.page\/index.php\/wp-json\/wp\/v2\/product_tag?post=317"}],"curies":[{"name":"wp","href":"https:\/\/api.w.org\/{rel}","templated":true}]}}